{"id":2,"date":"2023-04-15T20:38:17","date_gmt":"2023-04-15T18:38:17","guid":{"rendered":"http:\/\/cyclo-les-copains-de-wavre.be\/?page_id=2"},"modified":"2026-04-23T10:07:03","modified_gmt":"2026-04-23T08:07:03","slug":"horaires","status":"publish","type":"page","link":"https:\/\/cyclo-les-copains-de-wavre.be\/?page_id=2","title":{"rendered":"Horaires des sorties"},"content":{"rendered":"\r\n<p><img loading=\"lazy\" decoding=\"async\" class=\"alignnone  wp-image-129\" src=\"https:\/\/cyclo-les-copains-de-wavre.be\/wp-content\/uploads\/2023\/09\/Clock-300x224.jpeg\" alt=\"\" width=\"130\" height=\"97\" srcset=\"https:\/\/cyclo-les-copains-de-wavre.be\/wp-content\/uploads\/2023\/09\/Clock-300x224.jpeg 300w, https:\/\/cyclo-les-copains-de-wavre.be\/wp-content\/uploads\/2023\/09\/Clock.jpeg 700w\" sizes=\"auto, (max-width: 130px) 100vw, 130px\" \/><\/p>\r\n<p><strong>D\u00e9parts <\/strong>:avenue de la Belle Voie (parking des terrains de hockey) &#8211; 1300 Wavre<\/p>\r\n<p><a href=\"https:\/\/www.openstreetmap.org\/#map=17\/50.72022\/4.61936\">https:\/\/www.openstreetmap.org\/#map=17\/50.72022\/4.61936<\/a><\/p>\r\n<h2><strong>Notre premi\u00e8re sortie de la saison se fera le dimanche 1 mars \u00e0 9h30<\/strong><\/h2>\r\n<h1><strong>Horaires<\/strong><\/h1>\r\n<h2><strong>Dimanches et jours f\u00e9ries<\/strong><\/h2>\r\n<table style=\"height: 310px;\" width=\"640\">\r\n<tbody>\r\n<tr>\r\n<td>mois<\/td>\r\n<td><strong>Groupe 1<\/strong><\/td>\r\n<td><strong>Groupe 2<\/strong><\/td>\r\n<td><strong>Groupe 3<\/strong><\/td>\r\n<td><strong>Groupe 4<\/strong><\/td>\r\n<\/tr>\r\n<tr>\r\n<td><strong>Mars<\/strong><\/td>\r\n<td>9h30<\/td>\r\n<td>9h30<\/td>\r\n<td>9h30<\/td>\r\n<td>9h30<\/td>\r\n<\/tr>\r\n<tr>\r\n<td><strong>Avril<\/strong><\/td>\r\n<td>9h00<\/td>\r\n<td>9h00<\/td>\r\n<td>9h30<\/td>\r\n<td>9h30<\/td>\r\n<\/tr>\r\n<tr>\r\n<td><strong>Mai<\/strong><\/td>\r\n<td>8h30<\/td>\r\n<td>8h30<\/td>\r\n<td>9h30<\/td>\r\n<td>9h30<\/td>\r\n<\/tr>\r\n<tr>\r\n<td><strong>Juin<\/strong><\/td>\r\n<td>8h30<\/td>\r\n<td>8h30<\/td>\r\n<td>9h30<\/td>\r\n<td>9h30<\/td>\r\n<\/tr>\r\n<tr>\r\n<td><strong>Juillet<\/strong><\/td>\r\n<td>8h30<\/td>\r\n<td>8h30<\/td>\r\n<td>9h30<\/td>\r\n<td>9h30<\/td>\r\n<\/tr>\r\n<tr>\r\n<td><strong>Ao\u00fbt<\/strong><\/td>\r\n<td>8h30<\/td>\r\n<td>8h30<\/td>\r\n<td>9h30<\/td>\r\n<td>9h30<\/td>\r\n<\/tr>\r\n<tr>\r\n<td><strong>Septembre<\/strong><\/td>\r\n<td>9h00<\/td>\r\n<td>9h00<\/td>\r\n<td>9h30<\/td>\r\n<td>9h30<\/td>\r\n<\/tr>\r\n<tr>\r\n<td><strong>Octobre<\/strong><\/td>\r\n<td>9h30<\/td>\r\n<td>9h30<\/td>\r\n<td>9h30<\/td>\r\n<td>9h30<\/td>\r\n<\/tr>\r\n<\/tbody>\r\n<\/table>\r\n<h2><strong>Mardi et Jeudi<\/strong><\/h2>\r\n<table width=\"640\">\r\n<tbody>\r\n<tr>\r\n<td>mois<\/td>\r\n<td><strong>Groupe 1<\/strong><\/td>\r\n<td><strong>Groupe 2<\/strong><\/td>\r\n<td><strong>Groupe 3<\/strong><\/td>\r\n<td><strong>Groupe 4<\/strong><\/td>\r\n<\/tr>\r\n<tr>\r\n<td><strong>Mars<\/strong><\/td>\r\n<td>9h30<\/td>\r\n<td>9h30<\/td>\r\n<td>9h30<\/td>\r\n<td>9h30<\/td>\r\n<\/tr>\r\n<tr>\r\n<td><strong>Avril<\/strong><\/td>\r\n<td>9h30<\/td>\r\n<td>9h30<\/td>\r\n<td>9h30<\/td>\r\n<td>9h30<\/td>\r\n<\/tr>\r\n<tr>\r\n<td><strong>Mai<\/strong><\/td>\r\n<td>9h30<\/td>\r\n<td>9h30<\/td>\r\n<td>9h30<\/td>\r\n<td>9h30<\/td>\r\n<\/tr>\r\n<tr>\r\n<td><strong>Juin<\/strong><\/td>\r\n<td>9h30<\/td>\r\n<td>9h30<\/td>\r\n<td>9h30<\/td>\r\n<td>9h30<\/td>\r\n<\/tr>\r\n<tr>\r\n<td><strong>Juillet<\/strong><\/td>\r\n<td>9h00<\/td>\r\n<td>9h00<\/td>\r\n<td>9h30<\/td>\r\n<td>9h30<\/td>\r\n<\/tr>\r\n<tr>\r\n<td><strong>Ao\u00fbt<\/strong><\/td>\r\n<td>9h00<\/td>\r\n<td>9h00<\/td>\r\n<td>9h30<\/td>\r\n<td>9h30<\/td>\r\n<\/tr>\r\n<tr>\r\n<td><strong>Septembre<\/strong><\/td>\r\n<td>9h30<\/td>\r\n<td>9h30<\/td>\r\n<td>9h30<\/td>\r\n<td>9h30<\/td>\r\n<\/tr>\r\n<tr>\r\n<td><strong>Octobre<\/strong><\/td>\r\n<td>9h30<\/td>\r\n<td>9h30<\/td>\r\n<td>9h30<\/td>\r\n<td>9h30<\/td>\r\n<\/tr>\r\n<\/tbody>\r\n<\/table>\r\n<h2><strong>Hors saison\u00a0<\/strong><\/h2>\r\n<p>De d\u00e9but novembre \u00e0 fin f\u00e9vrier pour <strong>tous les groupes<\/strong><\/p>\r\n<ul>\r\n<li>En semaine : 10h00<\/li>\r\n<li>Samedi : 12h30<\/li>\r\n<li>Dimanche : 9h30<\/li>\r\n<\/ul>\r\n<p>Derni\u00e8re mise \u00e0 jour le 21 avril 2026<\/p>","protected":false},"excerpt":{"rendered":"<p>D\u00e9parts :avenue de la Belle Voie (parking des terrains de hockey) &#8211; 1300 Wavre https:\/\/www.openstreetmap.org\/#map=17\/50.72022\/4.61936 Notre premi\u00e8re sortie de la saison se fera le dimanche 1 mars \u00e0 9h30 Horaires Dimanches et jours f\u00e9ries mois Groupe 1 Groupe 2 Groupe &hellip; <a href=\"https:\/\/cyclo-les-copains-de-wavre.be\/?page_id=2\">Continuer la lecture <span class=\"meta-nav\">&rarr;<\/span><\/a><\/p>\n","protected":false},"author":1,"featured_media":0,"parent":14,"menu_order":0,"comment_status":"closed","ping_status":"open","template":"","meta":{"footnotes":""},"class_list":["post-2","page","type-page","status-publish","hentry"],"_links":{"self":[{"href":"https:\/\/cyclo-les-copains-de-wavre.be\/index.php?rest_route=\/wp\/v2\/pages\/2","targetHints":{"allow":["GET"]}}],"collection":[{"href":"https:\/\/cyclo-les-copains-de-wavre.be\/index.php?rest_route=\/wp\/v2\/pages"}],"about":[{"href":"https:\/\/cyclo-les-copains-de-wavre.be\/index.php?rest_route=\/wp\/v2\/types\/page"}],"author":[{"embeddable":true,"href":"https:\/\/cyclo-les-copains-de-wavre.be\/index.php?rest_route=\/wp\/v2\/users\/1"}],"replies":[{"embeddable":true,"href":"https:\/\/cyclo-les-copains-de-wavre.be\/index.php?rest_route=%2Fwp%2Fv2%2Fcomments&post=2"}],"version-history":[{"count":35,"href":"https:\/\/cyclo-les-copains-de-wavre.be\/index.php?rest_route=\/wp\/v2\/pages\/2\/revisions"}],"predecessor-version":[{"id":576,"href":"https:\/\/cyclo-les-copains-de-wavre.be\/index.php?rest_route=\/wp\/v2\/pages\/2\/revisions\/576"}],"up":[{"embeddable":true,"href":"https:\/\/cyclo-les-copains-de-wavre.be\/index.php?rest_route=\/wp\/v2\/pages\/14"}],"wp:attachment":[{"href":"https:\/\/cyclo-les-copains-de-wavre.be\/index.php?rest_route=%2Fwp%2Fv2%2Fmedia&parent=2"}],"curies":[{"name":"wp","href":"https:\/\/api.w.org\/{rel}","templated":true}]}}